{"id":5,"date":"2023-01-19T08:22:34","date_gmt":"2023-01-19T08:22:34","guid":{"rendered":"https:\/\/albanakpost.com\/?page_id=5"},"modified":"2024-05-30T12:34:28","modified_gmt":"2024-05-30T12:34:28","slug":"home","status":"publish","type":"page","link":"https:\/\/albanakpost.com\/","title":{"rendered":"HOME"},"content":{"rendered":"<p>[et_pb_section fb_built=&#8221;1&#8243; disabled_on=&#8221;on|off|off&#8221; admin_label=&#8221;section&#8221; _builder_version=&#8221;4.19.4&#8243; background_color=&#8221;#13213b&#8221; use_background_color_gradient=&#8221;on&#8221; background_color_gradient_stops=&#8221;#13213b 2%|rgba(19,33,59,0.92) 100%&#8221; background_color_gradient_overlays_image=&#8221;on&#8221; background_image=&#8221;https:\/\/albanakpost.com\/wp-content\/uploads\/2023\/01\/event.jpg&#8221; custom_padding=&#8221;290px||290px||true|&#8221; global_colors_info=&#8221;{}&#8221;][et_pb_row admin_label=&#8221;row&#8221; _builder_version=&#8221;4.16&#8243; background_size=&#8221;initial&#8221; background_position=&#8221;top_left&#8221; background_repeat=&#8221;repeat&#8221; global_colors_info=&#8221;{}&#8221;][et_pb_column type=&#8221;4_4&#8243; _builder_version=&#8221;4.16&#8243; custom_padding=&#8221;|||&#8221; global_colors_info=&#8221;{}&#8221; custom_padding__hover=&#8221;|||&#8221;][et_pb_image src=&#8221;https:\/\/albanakpost.com\/wp-content\/uploads\/2023\/01\/logo-blue.png&#8221; title_text=&#8221;logo-blue&#8221; align=&#8221;center&#8221; _builder_version=&#8221;4.19.4&#8243; _module_preset=&#8221;default&#8221; max_width=&#8221;42%&#8221; global_colors_info=&#8221;{}&#8221;][\/et_pb_image][\/et_pb_column][\/et_pb_row][\/et_pb_section][et_pb_section fb_built=&#8221;1&#8243; disabled_on=&#8221;off|on|on&#8221; admin_label=&#8221;section&#8221; _builder_version=&#8221;4.19.4&#8243; background_color=&#8221;#13213b&#8221; use_background_color_gradient=&#8221;on&#8221; background_color_gradient_stops=&#8221;#13213b 2%|rgba(19,33,59,0.92) 100%&#8221; background_color_gradient_overlays_image=&#8221;on&#8221; background_image=&#8221;https:\/\/albanakpost.com\/wp-content\/uploads\/2023\/01\/event.jpg&#8221; custom_padding=&#8221;211px||211px||true|&#8221; global_colors_info=&#8221;{}&#8221;][et_pb_row admin_label=&#8221;row&#8221; _builder_version=&#8221;4.16&#8243; background_size=&#8221;initial&#8221; background_position=&#8221;top_left&#8221; background_repeat=&#8221;repeat&#8221; global_colors_info=&#8221;{}&#8221;][et_pb_column type=&#8221;4_4&#8243; _builder_version=&#8221;4.16&#8243; custom_padding=&#8221;|||&#8221; global_colors_info=&#8221;{}&#8221; custom_padding__hover=&#8221;|||&#8221;][et_pb_image src=&#8221;https:\/\/albanakpost.com\/wp-content\/uploads\/2023\/01\/logo-blue.png&#8221; title_text=&#8221;logo-blue&#8221; align=&#8221;center&#8221; _builder_version=&#8221;4.19.4&#8243; _module_preset=&#8221;default&#8221; max_width=&#8221;70%&#8221; global_colors_info=&#8221;{}&#8221;][\/et_pb_image][\/et_pb_column][\/et_pb_row][\/et_pb_section][et_pb_section fb_built=&#8221;1&#8243; disabled_on=&#8221;on|off|off&#8221; _builder_version=&#8221;4.19.4&#8243; _module_preset=&#8221;default&#8221; background_color=&#8221;#37414a&#8221; use_background_color_gradient=&#8221;on&#8221; background_color_gradient_stops=&#8221;rgba(55,65,74,0.93) 0%|rgba(55,65,74,0.93) 100%&#8221; background_color_gradient_overlays_image=&#8221;on&#8221; background_image=&#8221;https:\/\/albanakpost.com\/wp-content\/uploads\/2023\/01\/ALBANAK2.png&#8221; background_size=&#8221;contain&#8221; background_position=&#8221;center_left&#8221; custom_padding=&#8221;87px||87px||true|&#8221; global_colors_info=&#8221;{}&#8221;][et_pb_row column_structure=&#8221;3_5,2_5&#8243; _builder_version=&#8221;4.19.4&#8243; _module_preset=&#8221;default&#8221; global_colors_info=&#8221;{}&#8221;][et_pb_column type=&#8221;3_5&#8243; _builder_version=&#8221;4.19.4&#8243; _module_preset=&#8221;default&#8221; global_colors_info=&#8221;{}&#8221;][et_pb_image src=&#8221;https:\/\/albanakpost.com\/wp-content\/uploads\/2023\/01\/1.jpg&#8221; title_text=&#8221;1&#8243; _builder_version=&#8221;4.19.4&#8243; _module_preset=&#8221;default&#8221; animation_style=&#8221;fade&#8221; global_colors_info=&#8221;{}&#8221;][\/et_pb_image][et_pb_text _builder_version=&#8221;4.19.4&#8243; _module_preset=&#8221;default&#8221; text_font=&#8221;Abel|300|||||||&#8221; text_text_color=&#8221;#d8d8d8&#8243; text_font_size=&#8221;23px&#8221; text_line_height=&#8221;1.4em&#8221; text_orientation=&#8221;justified&#8221; animation_style=&#8221;fade&#8221; global_colors_info=&#8221;{}&#8221;]<\/p>\n<p style=\"text-align: left;\">ALBANAK POST, ofron mb\u00ebshtetje kreative dhe logjistike n\u00eb organizimin e eventeve, konferencave, panaireve apo programeve nxit\u00ebse n\u00eb gjith\u00eb Ballkanin Per\u00ebndimor.<\/p>\n<p>[\/et_pb_text][\/et_pb_column][et_pb_column type=&#8221;2_5&#8243; _builder_version=&#8221;4.19.4&#8243; _module_preset=&#8221;default&#8221; global_colors_info=&#8221;{}&#8221;][et_pb_text _builder_version=&#8221;4.19.4&#8243; _module_preset=&#8221;default&#8221; text_font=&#8221;Abel|700|||||||&#8221; text_text_color=&#8221;#FFFFFF&#8221; text_font_size=&#8221;84px&#8221; text_line_height=&#8221;0em&#8221; custom_margin=&#8221;81px||44px|-114px||&#8221; custom_padding=&#8221;27px|||||&#8221; animation_style=&#8221;slide&#8221; animation_direction=&#8221;right&#8221; text_text_shadow_style=&#8221;preset1&#8243; text_text_shadow_horizontal_length=&#8221;-0.03em&#8221; text_text_shadow_vertical_length=&#8221;0.01em&#8221; text_text_shadow_blur_strength=&#8221;0.02em&#8221; global_colors_info=&#8221;{}&#8221;]<\/p>\n<p>EVENTS<\/p>\n<p>EXHIBITIONS<\/p>\n<p>CONFERENCE<\/p>\n<p>[\/et_pb_text][\/et_pb_column][\/et_pb_row][\/et_pb_section][et_pb_section fb_built=&#8221;1&#8243; disabled_on=&#8221;off|on|on&#8221; _builder_version=&#8221;4.19.4&#8243; _module_preset=&#8221;default&#8221; background_color=&#8221;#37414a&#8221; use_background_color_gradient=&#8221;on&#8221; background_color_gradient_stops=&#8221;rgba(55,65,74,0.93) 0%|rgba(55,65,74,0.93) 100%&#8221; background_color_gradient_overlays_image=&#8221;on&#8221; background_image=&#8221;https:\/\/albanakpost.com\/wp-content\/uploads\/2023\/01\/ALBANAK2.png&#8221; background_size=&#8221;contain&#8221; background_position=&#8221;center_left&#8221; custom_padding=&#8221;87px||87px||true|&#8221; global_colors_info=&#8221;{}&#8221;][et_pb_row column_structure=&#8221;3_5,2_5&#8243; _builder_version=&#8221;4.19.4&#8243; _module_preset=&#8221;default&#8221; global_colors_info=&#8221;{}&#8221;][et_pb_column type=&#8221;3_5&#8243; _builder_version=&#8221;4.19.4&#8243; _module_preset=&#8221;default&#8221; global_colors_info=&#8221;{}&#8221;][et_pb_text _builder_version=&#8221;4.19.4&#8243; _module_preset=&#8221;default&#8221; text_font=&#8221;Abel|700|||||||&#8221; text_text_color=&#8221;#FFFFFF&#8221; text_font_size=&#8221;54px&#8221; text_line_height=&#8221;0em&#8221; custom_margin=&#8221;0px||0px|0px|false|false&#8221; custom_padding=&#8221;27px|||||&#8221; animation_style=&#8221;slide&#8221; animation_direction=&#8221;right&#8221; text_text_shadow_style=&#8221;preset1&#8243; text_text_shadow_horizontal_length=&#8221;-0.03em&#8221; text_text_shadow_vertical_length=&#8221;0.01em&#8221; text_text_shadow_blur_strength=&#8221;0.02em&#8221; global_colors_info=&#8221;{}&#8221;]<\/p>\n<p>EVENTS<\/p>\n<p>EXHIBITIONS<\/p>\n<p>CONFERENCE<\/p>\n<p>[\/et_pb_text][et_pb_image src=&#8221;https:\/\/albanakpost.com\/wp-content\/uploads\/2023\/01\/1.jpg&#8221; title_text=&#8221;1&#8243; _builder_version=&#8221;4.19.4&#8243; _module_preset=&#8221;default&#8221; custom_margin=&#8221;47px|||||&#8221; animation_style=&#8221;fade&#8221; global_colors_info=&#8221;{}&#8221;][\/et_pb_image][et_pb_text _builder_version=&#8221;4.19.4&#8243; _module_preset=&#8221;default&#8221; text_font=&#8221;Abel|300|||||||&#8221; text_text_color=&#8221;#d8d8d8&#8243; text_font_size=&#8221;23px&#8221; text_line_height=&#8221;1.4em&#8221; text_orientation=&#8221;justified&#8221; animation_style=&#8221;fade&#8221; global_colors_info=&#8221;{}&#8221;]<\/p>\n<p style=\"text-align: left;\">ALBANAK POST, ofron mb\u00ebshtetje kreative dhe logjistike n\u00eb organizimin e eventeve, konferencave, panaireve apo programeve nxit\u00ebse n\u00eb gjith\u00eb Ballkanin Per\u00ebndimor.<\/p>\n<p>[\/et_pb_text][\/et_pb_column][et_pb_column type=&#8221;2_5&#8243; _builder_version=&#8221;4.19.4&#8243; _module_preset=&#8221;default&#8221; global_colors_info=&#8221;{}&#8221;][\/et_pb_column][\/et_pb_row][\/et_pb_section][et_pb_section fb_built=&#8221;1&#8243; _builder_version=&#8221;4.21.0&#8243; _module_preset=&#8221;default&#8221; custom_padding=&#8221;0px||0px||true|&#8221; global_colors_info=&#8221;{}&#8221;][et_pb_row _builder_version=&#8221;4.21.0&#8243; _module_preset=&#8221;default&#8221; global_colors_info=&#8221;{}&#8221;][et_pb_column type=&#8221;4_4&#8243; _builder_version=&#8221;4.21.0&#8243; _module_preset=&#8221;default&#8221; global_colors_info=&#8221;{}&#8221;][et_pb_image src=&#8221;https:\/\/albanakpost.com\/wp-content\/uploads\/2023\/07\/9G4A6775.jpg&#8221; _builder_version=&#8221;4.21.0&#8243; _module_preset=&#8221;default&#8221; global_colors_info=&#8221;{}&#8221;][\/et_pb_image][\/et_pb_column][\/et_pb_row][\/et_pb_section][et_pb_section fb_built=&#8221;1&#8243; disabled_on=&#8221;on|off|off&#8221; _builder_version=&#8221;4.19.4&#8243; _module_preset=&#8221;default&#8221; use_background_color_gradient=&#8221;on&#8221; background_color_gradient_stops=&#8221;rgba(255,255,255,0.74) 0%|rgba(255,255,255,0.74) 100%&#8221; background_color_gradient_overlays_image=&#8221;on&#8221; background_image=&#8221;https:\/\/albanakpost.com\/wp-content\/uploads\/2023\/01\/balkan-dot.png&#8221; background_size=&#8221;contain&#8221; custom_padding=&#8221;91px||91px||true|&#8221; global_colors_info=&#8221;{}&#8221;][et_pb_row column_structure=&#8221;1_2,1_2&#8243; _builder_version=&#8221;4.19.4&#8243; _module_preset=&#8221;default&#8221; global_colors_info=&#8221;{}&#8221;][et_pb_column type=&#8221;1_2&#8243; _builder_version=&#8221;4.19.4&#8243; _module_preset=&#8221;default&#8221; global_colors_info=&#8221;{}&#8221;][et_pb_image src=&#8221;https:\/\/albanakpost.com\/wp-content\/uploads\/2023\/07\/9G4A7483.jpg&#8221; _builder_version=&#8221;4.21.0&#8243; _module_preset=&#8221;default&#8221; global_colors_info=&#8221;{}&#8221;][\/et_pb_image][\/et_pb_column][et_pb_column type=&#8221;1_2&#8243; _builder_version=&#8221;4.19.4&#8243; _module_preset=&#8221;default&#8221; global_colors_info=&#8221;{}&#8221;][et_pb_text _builder_version=&#8221;4.19.4&#8243; _module_preset=&#8221;default&#8221; text_font=&#8221;Abel|700|||||||&#8221; text_text_color=&#8221;#5b5b5b&#8221; text_font_size=&#8221;90px&#8221; text_line_height=&#8221;0.9em&#8221; custom_margin=&#8221;-78px||44px|||&#8221; custom_padding=&#8221;70px|||||&#8221; global_colors_info=&#8221;{}&#8221;]<\/p>\n<p>ALBANAK POST<\/p>\n<p>[\/et_pb_text][et_pb_text _builder_version=&#8221;4.19.4&#8243; _module_preset=&#8221;default&#8221; text_font=&#8221;Abel|300|||||||&#8221; text_font_size=&#8221;23px&#8221; text_line_height=&#8221;1.4em&#8221; text_orientation=&#8221;justified&#8221; global_colors_info=&#8221;{}&#8221;]<\/p>\n<p>ALBANAK POST, promovon Ballkanin si nj\u00eb destinacion kryesor t\u00eb eventeve t\u00eb ndryshme dhe u ofron planifikuesve informacion dhe ndihm\u00eb p\u00ebr planifikimin dhe organizimin e suksessh\u00ebm t\u00eb eventeve.<\/p>\n<p>[\/et_pb_text][\/et_pb_column][\/et_pb_row][\/et_pb_section][et_pb_section fb_built=&#8221;1&#8243; disabled_on=&#8221;off|on|on&#8221; _builder_version=&#8221;4.19.4&#8243; _module_preset=&#8221;default&#8221; use_background_color_gradient=&#8221;on&#8221; background_color_gradient_stops=&#8221;rgba(255,255,255,0.74) 0%|rgba(255,255,255,0.74) 100%&#8221; background_color_gradient_overlays_image=&#8221;on&#8221; background_image=&#8221;https:\/\/albanakpost.com\/wp-content\/uploads\/2023\/01\/balkan-dot.png&#8221; background_size=&#8221;contain&#8221; custom_padding=&#8221;26px||26px||true|&#8221; global_colors_info=&#8221;{}&#8221;][et_pb_row column_structure=&#8221;1_2,1_2&#8243; _builder_version=&#8221;4.19.4&#8243; _module_preset=&#8221;default&#8221; global_colors_info=&#8221;{}&#8221;][et_pb_column type=&#8221;1_2&#8243; _builder_version=&#8221;4.19.4&#8243; _module_preset=&#8221;default&#8221; global_colors_info=&#8221;{}&#8221;][et_pb_image src=&#8221;https:\/\/albanakpost.com\/wp-content\/uploads\/2023\/07\/9G4A7483.jpg&#8221; title_text=&#8221;9G4A7483&#8243; _builder_version=&#8221;4.21.0&#8243; _module_preset=&#8221;default&#8221; global_colors_info=&#8221;{}&#8221;][\/et_pb_image][\/et_pb_column][et_pb_column type=&#8221;1_2&#8243; _builder_version=&#8221;4.19.4&#8243; _module_preset=&#8221;default&#8221; global_colors_info=&#8221;{}&#8221;][et_pb_text _builder_version=&#8221;4.19.4&#8243; _module_preset=&#8221;default&#8221; text_font=&#8221;Abel|700|||||||&#8221; text_text_color=&#8221;#5b5b5b&#8221; text_font_size=&#8221;90px&#8221; text_line_height=&#8221;0.9em&#8221; custom_margin=&#8221;-78px||44px|||&#8221; custom_padding=&#8221;70px|||||&#8221; global_colors_info=&#8221;{}&#8221;]<\/p>\n<p>ALBANAK POST<\/p>\n<p>[\/et_pb_text][et_pb_text _builder_version=&#8221;4.19.4&#8243; _module_preset=&#8221;default&#8221; text_font=&#8221;Abel|300|||||||&#8221; text_font_size=&#8221;21px&#8221; text_line_height=&#8221;1.4em&#8221; text_orientation=&#8221;justified&#8221; global_colors_info=&#8221;{}&#8221;]<\/p>\n<p>ALBANAK POST, promovon Ballkanin si nj\u00eb destinacion kryesor t\u00eb eventeve t\u00eb ndryshme dhe u ofron planifikuesve informacion dhe ndihm\u00eb p\u00ebr planifikimin dhe organizimin e suksessh\u00ebm t\u00eb eventeve.<\/p>\n<p>[\/et_pb_text][\/et_pb_column][\/et_pb_row][\/et_pb_section][et_pb_section fb_built=&#8221;1&#8243; _builder_version=&#8221;4.19.4&#8243; _module_preset=&#8221;default&#8221; background_enable_color=&#8221;off&#8221; use_background_color_gradient=&#8221;on&#8221; background_color_gradient_stops=&#8221;rgba(255,255,255,0.97) 0%|rgba(255,255,255,0.97) 100%&#8221; background_color_gradient_overlays_image=&#8221;on&#8221; background_image=&#8221;https:\/\/albanakpost.com\/wp-content\/uploads\/2023\/01\/sherbime-1.png&#8221; width=&#8221;100%&#8221; custom_padding=&#8221;65px||65px||true|&#8221; global_colors_info=&#8221;{}&#8221;][et_pb_row column_structure=&#8221;1_2,1_2&#8243; _builder_version=&#8221;4.19.4&#8243; _module_preset=&#8221;default&#8221; global_colors_info=&#8221;{}&#8221;][et_pb_column type=&#8221;1_2&#8243; _builder_version=&#8221;4.19.4&#8243; _module_preset=&#8221;default&#8221; global_colors_info=&#8221;{}&#8221;][et_pb_slider arrows_custom_color=&#8221;#D6D6D6&#8243; _builder_version=&#8221;4.21.0&#8243; _module_preset=&#8221;default&#8221; global_colors_info=&#8221;{}&#8221;][et_pb_slide _builder_version=&#8221;4.21.0&#8243; _module_preset=&#8221;default&#8221; background_image=&#8221;https:\/\/albanakpost.com\/wp-content\/uploads\/2023\/07\/9G4A7765.jpg&#8221; background_enable_image=&#8221;on&#8221; global_colors_info=&#8221;{}&#8221; sticky_transition=&#8221;on&#8221;]<\/p>\n<p>&nbsp;<\/p>\n<p>&nbsp;<\/p>\n<p>&nbsp;<\/p>\n<p>&nbsp;<\/p>\n<p>&nbsp;<\/p>\n<p>[\/et_pb_slide][\/et_pb_slider][\/et_pb_column][et_pb_column type=&#8221;1_2&#8243; _builder_version=&#8221;4.19.4&#8243; _module_preset=&#8221;default&#8221; global_colors_info=&#8221;{}&#8221;][et_pb_image src=&#8221;https:\/\/albanakpost.com\/wp-content\/uploads\/2023\/01\/sherbime-2.png&#8221; title_text=&#8221;sherbime&#8221; _builder_version=&#8221;4.19.4&#8243; _module_preset=&#8221;default&#8221; global_colors_info=&#8221;{}&#8221;][\/et_pb_image][et_pb_text _builder_version=&#8221;4.19.4&#8243; _module_preset=&#8221;default&#8221; text_font=&#8221;Abel|300|||||||&#8221; text_text_color=&#8221;#828282&#8243; text_font_size=&#8221;23px&#8221; text_line_height=&#8221;1.4em&#8221; text_orientation=&#8221;justified&#8221; global_colors_info=&#8221;{}&#8221;]<\/p>\n<p>Sh\u00ebrbimet tona jan\u00eb t\u00eb p\u00ebrshtatshme p\u00ebr evente dhe ngjarje t\u00eb t\u00eb gjitha madh\u00ebsive. Pavar\u00ebsisht n\u00ebse keni nevoj\u00eb p\u00ebr t\u00eb organizuar nj\u00eb takim, konferenc\u00eb, panair apo evente t\u00eb tjera, ne mund t&#8217;ju ndihmojm\u00eb profesionalisht, n\u00eb \u00e7do hap t\u00eb rrug\u00ebs p\u00ebr t\u00eb siguruar realizimin e eventit tuaj, duke bashk\u00ebpunuar me furnitor\u00ebt m\u00eb t\u00eb mire.<\/p>\n<p>[\/et_pb_text][et_pb_button button_text=&#8221;lexo m\u00eb shum\u00eb&#8221; _builder_version=&#8221;4.19.4&#8243; _module_preset=&#8221;default&#8221; custom_button=&#8221;on&#8221; button_text_color=&#8221;#000000&#8243; button_bg_color=&#8221;RGBA(255,255,255,0)&#8221; button_border_color=&#8221;#EDF000&#8243; button_font=&#8221;Abel||||||||&#8221; button_icon=&#8221;&#x45;||divi||400&#8243; button_icon_color=&#8221;#EDF000&#8243; global_colors_info=&#8221;{}&#8221; button_bg_color__hover_enabled=&#8221;on|hover&#8221; button_bg_color__hover=&#8221;rgba(237,240,0,0.2)&#8221; button_bg_enable_color__hover=&#8221;on&#8221;][\/et_pb_button][\/et_pb_column][\/et_pb_row][\/et_pb_section][et_pb_section fb_built=&#8221;1&#8243; _builder_version=&#8221;4.19.4&#8243; _module_preset=&#8221;default&#8221; background_color=&#8221;#37414a&#8221; use_background_color_gradient=&#8221;on&#8221; background_color_gradient_stops=&#8221;#37414a 0%|rgba(55,65,74,0.94) 100%&#8221; background_color_gradient_overlays_image=&#8221;on&#8221; background_image=&#8221;https:\/\/albanakpost.com\/wp-content\/uploads\/2023\/01\/evente.png&#8221; custom_padding=&#8221;122px||122px||true|&#8221; global_colors_info=&#8221;{}&#8221;][et_pb_row column_structure=&#8221;1_2,1_2&#8243; _builder_version=&#8221;4.19.4&#8243; _module_preset=&#8221;default&#8221; global_colors_info=&#8221;{}&#8221;][et_pb_column type=&#8221;1_2&#8243; _builder_version=&#8221;4.19.4&#8243; _module_preset=&#8221;default&#8221; global_colors_info=&#8221;{}&#8221;][et_pb_slider arrows_custom_color=&#8221;#D6D6D6&#8243; _builder_version=&#8221;4.21.0&#8243; _module_preset=&#8221;default&#8221; global_colors_info=&#8221;{}&#8221;][et_pb_slide _builder_version=&#8221;4.21.0&#8243; _module_preset=&#8221;default&#8221; background_image=&#8221;https:\/\/albanakpost.com\/wp-content\/uploads\/2023\/07\/9G4A8625.jpg&#8221; background_enable_image=&#8221;on&#8221; global_colors_info=&#8221;{}&#8221; sticky_transition=&#8221;on&#8221;]<\/p>\n<p>&nbsp;<\/p>\n<p>&nbsp;<\/p>\n<p>&nbsp;<\/p>\n<p>&nbsp;<\/p>\n<p>&nbsp;<\/p>\n<p>[\/et_pb_slide][et_pb_slide _builder_version=&#8221;4.21.0&#8243; _module_preset=&#8221;default&#8221; background_image=&#8221;https:\/\/albanakpost.com\/wp-content\/uploads\/2023\/07\/9G4A8709.jpg&#8221; background_enable_image=&#8221;on&#8221; global_colors_info=&#8221;{}&#8221; sticky_transition=&#8221;on&#8221;]<\/p>\n<p>&nbsp;<\/p>\n<p>&nbsp;<\/p>\n<p>&nbsp;<\/p>\n<p>&nbsp;<\/p>\n<p>&nbsp;<\/p>\n<p>[\/et_pb_slide][et_pb_slide _builder_version=&#8221;4.21.0&#8243; _module_preset=&#8221;default&#8221; background_image=&#8221;https:\/\/albanakpost.com\/wp-content\/uploads\/2023\/07\/9G4A8682.jpg&#8221; background_enable_image=&#8221;on&#8221; global_colors_info=&#8221;{}&#8221; sticky_transition=&#8221;on&#8221;]<\/p>\n<p>&nbsp;<\/p>\n<p>&nbsp;<\/p>\n<p>&nbsp;<\/p>\n<p>&nbsp;<\/p>\n<p>&nbsp;<\/p>\n<p>[\/et_pb_slide][\/et_pb_slider][\/et_pb_column][et_pb_column type=&#8221;1_2&#8243; _builder_version=&#8221;4.19.4&#8243; _module_preset=&#8221;default&#8221; global_colors_info=&#8221;{}&#8221;][et_pb_image src=&#8221;https:\/\/albanakpost.com\/wp-content\/uploads\/2023\/01\/evente.png&#8221; title_text=&#8221;evente&#8221; _builder_version=&#8221;4.21.0&#8243; _module_preset=&#8221;default&#8221; max_width=&#8221;67%&#8221; custom_margin=&#8221;-27px|||||&#8221; global_colors_info=&#8221;{}&#8221;][\/et_pb_image][et_pb_text _builder_version=&#8221;4.19.4&#8243; _module_preset=&#8221;default&#8221; text_font=&#8221;Abel|300|||||||&#8221; text_text_color=&#8221;#d8d8d8&#8243; text_font_size=&#8221;23px&#8221; text_line_height=&#8221;1.4em&#8221; text_orientation=&#8221;justified&#8221; global_colors_info=&#8221;{}&#8221;]<\/p>\n<p>Sh\u00ebrbimet tona jan\u00eb t\u00eb p\u00ebrshtatshme p\u00ebr evente dhe ngjarje t\u00eb t\u00eb gjitha madh\u00ebsive. Pavar\u00ebsisht n\u00ebse keni nevoj\u00eb p\u00ebr t\u00eb organizuar nj\u00eb takim, konferenc\u00eb, panair apo evente t\u00eb tjera, ne mund t&#8217;ju ndihmojm\u00eb profesionalisht, n\u00eb \u00e7do hap t\u00eb rrug\u00ebs p\u00ebr t\u00eb siguruar realizimin e eventit tuaj, duke bashk\u00ebpunuar me furnitor\u00ebt m\u00eb t\u00eb mire.<\/p>\n<p>[\/et_pb_text][et_pb_button button_text=&#8221;lexo m\u00eb shum\u00eb&#8221; _builder_version=&#8221;4.19.4&#8243; _module_preset=&#8221;default&#8221; custom_button=&#8221;on&#8221; button_text_color=&#8221;#FFFFFF&#8221; button_bg_color=&#8221;RGBA(255,255,255,0)&#8221; button_border_color=&#8221;#EDF000&#8243; button_font=&#8221;Abel||||||||&#8221; button_icon=&#8221;&#x45;||divi||400&#8243; button_icon_color=&#8221;#EDF000&#8243; global_colors_info=&#8221;{}&#8221; button_bg_color__hover_enabled=&#8221;on|hover&#8221; button_bg_color__hover=&#8221;rgba(237,240,0,0.2)&#8221; button_bg_enable_color__hover=&#8221;on&#8221;][\/et_pb_button][\/et_pb_column][\/et_pb_row][\/et_pb_section][et_pb_section fb_built=&#8221;1&#8243; _builder_version=&#8221;4.19.4&#8243; _module_preset=&#8221;default&#8221; background_enable_color=&#8221;off&#8221; use_background_color_gradient=&#8221;on&#8221; background_color_gradient_stops=&#8221;rgba(255,255,255,0.97) 0%|rgba(255,255,255,0.97) 100%&#8221; background_color_gradient_overlays_image=&#8221;on&#8221; background_image=&#8221;https:\/\/albanakpost.com\/wp-content\/uploads\/2023\/01\/publikime.png&#8221; custom_padding=&#8221;71px||71px||true|&#8221; global_colors_info=&#8221;{}&#8221;][et_pb_row column_structure=&#8221;1_2,1_2&#8243; _builder_version=&#8221;4.19.4&#8243; _module_preset=&#8221;default&#8221; global_colors_info=&#8221;{}&#8221;][et_pb_column type=&#8221;1_2&#8243; _builder_version=&#8221;4.19.4&#8243; _module_preset=&#8221;default&#8221; global_colors_info=&#8221;{}&#8221;][et_pb_image src=&#8221;https:\/\/albanakpost.com\/wp-content\/uploads\/2023\/01\/icon-line-1.png&#8221; title_text=&#8221;icon-line&#8221; align=&#8221;center&#8221; _builder_version=&#8221;4.19.4&#8243; _module_preset=&#8221;default&#8221; max_width=&#8221;51%&#8221; global_colors_info=&#8221;{}&#8221;][\/et_pb_image][\/et_pb_column][et_pb_column type=&#8221;1_2&#8243; _builder_version=&#8221;4.19.4&#8243; _module_preset=&#8221;default&#8221; global_colors_info=&#8221;{}&#8221;][et_pb_image src=&#8221;https:\/\/albanakpost.com\/wp-content\/uploads\/2023\/01\/publikime-1.png&#8221; title_text=&#8221;publikime&#8221; _builder_version=&#8221;4.19.4&#8243; _module_preset=&#8221;default&#8221; global_colors_info=&#8221;{}&#8221;][\/et_pb_image][et_pb_text _builder_version=&#8221;4.19.4&#8243; _module_preset=&#8221;default&#8221; text_font=&#8221;Abel|300|||||||&#8221; text_font_size=&#8221;23px&#8221; text_line_height=&#8221;1.4em&#8221; text_orientation=&#8221;justified&#8221; global_colors_info=&#8221;{}&#8221;]Q\u00ebllimi yn\u00eb \u00ebsht\u00eb t\u00eb ofrojm\u00eb sh\u00ebrbime t\u00eb cil\u00ebsis\u00eb m\u00eb t\u00eb lart\u00eb q\u00eb plot\u00ebsojn\u00eb nevojat dhe pritshm\u00ebrit\u00eb e klient\u00ebve p\u00ebr t\u00eb siguruar nj\u00eb event t\u00eb suksessh\u00ebm.<br \/>\n<\/p>\n<li>Klient\u00ebt tan\u00eb<\/li>\n<li>Partner\u00ebt tan\u00eb<\/li>\n<li>Stafi yn\u00eb<\/li>\n<p>[\/et_pb_text][et_pb_button button_text=&#8221;lexo m\u00eb shum\u00eb&#8221; _builder_version=&#8221;4.19.4&#8243; _module_preset=&#8221;default&#8221; custom_button=&#8221;on&#8221; button_text_color=&#8221;#000000&#8243; button_bg_color=&#8221;RGBA(255,255,255,0)&#8221; button_border_color=&#8221;#EDF000&#8243; button_font=&#8221;Abel||||||||&#8221; button_icon=&#8221;&#x45;||divi||400&#8243; button_icon_color=&#8221;#EDF000&#8243; global_colors_info=&#8221;{}&#8221; button_bg_color__hover_enabled=&#8221;on|hover&#8221; button_bg_color__hover=&#8221;rgba(237,240,0,0.2)&#8221; button_bg_enable_color__hover=&#8221;on&#8221;][\/et_pb_button][\/et_pb_column][\/et_pb_row][\/et_pb_section]<\/p>\n","protected":false},"excerpt":{"rendered":"<p>ALBANAK POST, ofron mb\u00ebshtetje kreative dhe logjistike n\u00eb organizimin e eventeve, konferencave, panaireve apo programeve nxit\u00ebse n\u00eb gjith\u00eb Ballkanin Per\u00ebndimor.EVENTS EXHIBITIONS CONFERENCEEVENTS EXHIBITIONS CONFERENCEALBANAK POST, ofron mb\u00ebshtetje kreative dhe logjistike n\u00eb organizimin e eventeve, konferencave, panaireve apo programeve nxit\u00ebse n\u00eb gjith\u00eb Ballkanin Per\u00ebndimor.ALBANAK POSTALBANAK POST, promovon Ballkanin si nj\u00eb destinacion kryesor t\u00eb eventeve t\u00eb ndryshme [&hellip;]<\/p>\n","protected":false},"author":1,"featured_media":0,"parent":0,"menu_order":0,"comment_status":"closed","ping_status":"closed","template":"","meta":{"_et_pb_use_builder":"on","_et_pb_old_content":"","_et_gb_content_width":"","footnotes":""},"class_list":["post-5","page","type-page","status-publish","hentry"],"_links":{"self":[{"href":"https:\/\/albanakpost.com\/index.php?rest_route=\/wp\/v2\/pages\/5","targetHints":{"allow":["GET"]}}],"collection":[{"href":"https:\/\/albanakpost.com\/index.php?rest_route=\/wp\/v2\/pages"}],"about":[{"href":"https:\/\/albanakpost.com\/index.php?rest_route=\/wp\/v2\/types\/page"}],"author":[{"embeddable":true,"href":"https:\/\/albanakpost.com\/index.php?rest_route=\/wp\/v2\/users\/1"}],"replies":[{"embeddable":true,"href":"https:\/\/albanakpost.com\/index.php?rest_route=%2Fwp%2Fv2%2Fcomments&post=5"}],"version-history":[{"count":65,"href":"https:\/\/albanakpost.com\/index.php?rest_route=\/wp\/v2\/pages\/5\/revisions"}],"predecessor-version":[{"id":212,"href":"https:\/\/albanakpost.com\/index.php?rest_route=\/wp\/v2\/pages\/5\/revisions\/212"}],"wp:attachment":[{"href":"https:\/\/albanakpost.com\/index.php?rest_route=%2Fwp%2Fv2%2Fmedia&parent=5"}],"curies":[{"name":"wp","href":"https:\/\/api.w.org\/{rel}","templated":true}]}}